{"id":41,"date":"2018-12-13T16:02:57","date_gmt":"2018-12-13T15:02:57","guid":{"rendered":"http:\/\/rostrenenfc.fr\/?page_id=41"},"modified":"2023-07-10T15:38:13","modified_gmt":"2023-07-10T13:38:13","slug":"histoire","status":"publish","type":"page","link":"https:\/\/rostrenenfc.fr\/index.php\/histoire\/","title":{"rendered":"Histoire"},"content":{"rendered":"<p>[vc_row][vc_column width=\u00a0\u00bb1\/2&Prime;][vc_column_text css=\u00a0\u00bb.vc_custom_1548947671125{margin-top: 100px !important;}\u00a0\u00bb]Le Rostrenen Football Club a\u00a0vu le jour\u00a0en 2004, apr\u00e8s de longues ann\u00e9es de concurrence entre le Club Sportif Rostrenois et l&rsquo;Avant Garde Rostrenoise.<\/p>\n<p>Les deux clubs auront c\u00f4toy\u00e9 le niveau r\u00e9gional, offrant aux amateurs de football du Kreiz Breizh des derbys m\u00e9morables.<\/p>\n<p>T\u00e9moignage avec cette article d&rsquo;Isabelle Monnin\u00a0pour le nouvel observateur en 1998.\u00a0<a href=\"http:\/\/rostrenenfc.fr\/index.php\/1998\/04\/23\/laiques-17-cathos-11\/\">http:\/\/rostrenenfc.fr\/index.php\/1998\/04\/23\/laiques-17-cathos-11\/<\/a>[\/vc_column_text][\/vc_column][vc_column width=\u00a0\u00bb1\/2&Prime;][vc_single_image image=\u00a0\u00bb4758&Prime; img_size=\u00a0\u00bbmedium\u00a0\u00bb alignment=\u00a0\u00bbcenter\u00a0\u00bb][vc_separator][vc_empty_space height=\u00a0\u00bb100px\u00a0\u00bb][\/vc_column][\/vc_row][vc_row][vc_column width=\u00a0\u00bb1\/2&Prime;][vc_single_image image=\u00a0\u00bb1946&Prime; img_size=\u00a0\u00bbfull\u00a0\u00bb alignment=\u00a0\u00bbcenter\u00a0\u00bb][vc_empty_space height=\u00a0\u00bb100px\u00a0\u00bb][\/vc_column][vc_column width=\u00a0\u00bb1\/2&Prime;][vc_column_text css=\u00a0\u00bb.vc_custom_1548946953962{margin-top: 40px !important;}\u00a0\u00bb]Louis LE COCQ aura sans nul doute marqu\u00e9 le club de son emprunte.\u00a0Entraineur g\u00e9n\u00e9ral et coach de l&rsquo;\u00e9quipe 1\u00e8re du RFC de 2005 \u00e0 2010, il aura notamment \u00e9volu\u00e9 3 saison en DSR et 2 saison en DRH, \u00e9chouant sur la 3\u00e8me marche du podium lors de la saison 2009 \/ 2010.[\/vc_column_text][\/vc_column][\/vc_row][vc_row][vc_column width=\u00a0\u00bb1\/2&Prime;][vc_single_image image=\u00a0\u00bb1947&Prime; img_size=\u00a0\u00bbfull\u00a0\u00bb alignment=\u00a0\u00bbcenter\u00a0\u00bb][\/vc_column][vc_column width=\u00a0\u00bb1\/2&Prime;][vc_column_text css=\u00a0\u00bb.vc_custom_1548946975523{margin-top: 30px !important;}\u00a0\u00bb]Apr\u00e8s deux saisons blanches en championnat de DRH sous la houlette de S\u00e9bastien M\u00e9haut (2010\/2011) et Steven Guerra (2011\/2012), les dirigeants Rostrenois retrouvaient un ancien joueur, Jimmy LESNIEWSKI, \u00e0 qui ils allaient confier les r\u00eanes de leur \u00e9quipe fanion. Deux ans\u00a0plus tard (2013\/2014), le RFC retrouvait le championnat DSR. Nous associons \u00e0 cette mont\u00e9e, l&rsquo;immense travail et le savoir faire d&rsquo;entra\u00eeneur et de directeur sportif de Jacques COADIC.<\/p>\n<p>Apr\u00e8s 7 saisons\u00a0pass\u00e9es en tant qu&rsquo;entra\u00eeneur joueur, Jimmy LESNIEWSKI d\u00e9cide en 2017 de partir pour un nouveau projet en laissant de beaux souvenirs comme ce soir de novembre 2015 (7\u00e8me tour de coupe de France).[\/vc_column_text][\/vc_column][\/vc_row][vc_row][vc_column][vc_empty_space height=\u00a0\u00bb50px\u00a0\u00bb][\/vc_column][\/vc_row][vc_row][vc_column][vc_images_carousel images=\u00a0\u00bb2181,2182,2183,2184,2185,2186,2187,2188,2189,2190,2191,2192,2193,2194,2195,2196,2197,2198,2199,2200,2201,2202,2203,2204,2205,2206,2207,2208,2209,2210,2211,2212,2240,2239,2238,2237,2236,2230,2231,2232,2233,2234,2235,2229,2228,2227,2226,2225,2224,2218,2219,2220,2221,2222,2223,2217,2216,2215,2214&Prime; img_size=\u00a0\u00bbfull\u00a0\u00bb][\/vc_column][\/vc_row]<\/p>\n","protected":false},"excerpt":{"rendered":"<p>[vc_row][vc_column width=\u00a0\u00bb1\/2&Prime;][vc_column_text css=\u00a0\u00bb.vc_custom_1548947671125{margin-top: 100px !important;}\u00a0\u00bb]Le Rostrenen Football Club a\u00a0vu le jour\u00a0en 2004, apr\u00e8s de longues ann\u00e9es de concurrence entre le Club Sportif Rostrenois et l&rsquo;Avant Garde Rostrenoise. Les deux clubs auront c\u00f4toy\u00e9 le niveau r\u00e9gional, offrant aux amateurs de football du Kreiz Breizh des derbys m\u00e9morables. T\u00e9moignage avec cette article d&rsquo;Isabelle Monnin\u00a0pour le nouvel observateur&#8230;<\/p>\n","protected":false},"author":1,"featured_media":0,"parent":0,"menu_order":0,"comment_status":"closed","ping_status":"closed","template":"template-full-width.php","meta":[],"_links":{"self":[{"href":"https:\/\/rostrenenfc.fr\/index.php\/wp-json\/wp\/v2\/pages\/41"}],"collection":[{"href":"https:\/\/rostrenenfc.fr\/index.php\/wp-json\/wp\/v2\/pages"}],"about":[{"href":"https:\/\/rostrenenfc.fr\/index.php\/wp-json\/wp\/v2\/types\/page"}],"author":[{"embeddable":true,"href":"https:\/\/rostrenenfc.fr\/index.php\/wp-json\/wp\/v2\/users\/1"}],"replies":[{"embeddable":true,"href":"https:\/\/rostrenenfc.fr\/index.php\/wp-json\/wp\/v2\/comments?post=41"}],"version-history":[{"count":14,"href":"https:\/\/rostrenenfc.fr\/index.php\/wp-json\/wp\/v2\/pages\/41\/revisions"}],"predecessor-version":[{"id":4793,"href":"https:\/\/rostrenenfc.fr\/index.php\/wp-json\/wp\/v2\/pages\/41\/revisions\/4793"}],"wp:attachment":[{"href":"https:\/\/rostrenenfc.fr\/index.php\/wp-json\/wp\/v2\/media?parent=41"}],"curies":[{"name":"wp","href":"https:\/\/api.w.org\/{rel}","templated":true}]}}